{"id":1103,"date":"2023-12-25T12:13:52","date_gmt":"2023-12-25T12:13:52","guid":{"rendered":"https:\/\/wdtregalia.wpenginepowered.com\/?page_id=1103"},"modified":"2023-12-25T12:13:52","modified_gmt":"2023-12-25T12:13:52","slug":"blog-without-sidebar","status":"publish","type":"page","link":"https:\/\/meskinigallery.com\/index.php\/blog-without-sidebar\/","title":{"rendered":"Blog Without Sidebar"},"content":{"rendered":"\t\t<div data-elementor-type=\"wp-page\" data-elementor-id=\"1103\" class=\"elementor elementor-1103\">\n\t\t\t\t\t\t<section class=\"elementor-section elementor-top-section elementor-element elementor-element-b6b3cd4 elementor-section-boxed elementor-section-height-default elementor-section-height-default\" data-id=\"b6b3cd4\" data-element_type=\"section\" data-e-type=\"section\" data-settings=\"{&quot;wdt_bg_image&quot;:{&quot;url&quot;:&quot;&quot;,&quot;id&quot;:&quot;&quot;,&quot;size&quot;:&quot;&quot;},&quot;wdt_bg_image_laptop&quot;:{&quot;url&quot;:&quot;&quot;,&quot;id&quot;:&quot;&quot;,&quot;size&quot;:&quot;&quot;},&quot;wdt_bg_image_tablet_extra&quot;:{&quot;url&quot;:&quot;&quot;,&quot;id&quot;:&quot;&quot;,&quot;size&quot;:&quot;&quot;},&quot;wdt_bg_image_tablet&quot;:{&quot;url&quot;:&quot;&quot;,&quot;id&quot;:&quot;&quot;,&quot;size&quot;:&quot;&quot;},&quot;wdt_bg_image_mobile_extra&quot;:{&quot;url&quot;:&quot;&quot;,&quot;id&quot;:&quot;&quot;,&quot;size&quot;:&quot;&quot;},&quot;wdt_bg_image_mobile&quot;:{&quot;url&quot;:&quot;&quot;,&quot;id&quot;:&quot;&quot;,&quot;size&quot;:&quot;&quot;},&quot;wdt_bg_position&quot;:&quot;center center&quot;,&quot;wdt_animation_effect&quot;:&quot;none&quot;}\">\n\t\t\t\t\t\t<div class=\"elementor-container elementor-column-gap-no\">\n\t\t\t\t\t<div class=\"elementor-column elementor-col-100 elementor-top-column elementor-element elementor-element-969b96e\" data-id=\"969b96e\" data-element_type=\"column\" data-e-type=\"column\">\n\t\t\t<div class=\"elementor-widget-wrap elementor-element-populated\">\n\t\t\t\t\t\t<div class=\"elementor-element elementor-element-642531a elementor-widget elementor-widget-wdt-blog-posts\" data-id=\"642531a\" data-element_type=\"widget\" data-e-type=\"widget\" data-settings=\"{&quot;wdt_animation_effect&quot;:&quot;none&quot;}\" data-widget_type=\"wdt-blog-posts.default\">\n\t\t\t\t<div class=\"elementor-widget-container\">\n\t\t\t\t\t<div class=\"wdt-posts-list-wrapper  wdt-post-list-carousel-642531a\" ><div class='tpl-blog-holder  apply-isotope '><div class='grid-sizer  entry-grid-layout wdt-simple-style wdt-fadeinright-hover wdt-default-overlay alignleft column wdt-one-third wdt-post-entry '><\/div><div class=\" entry-grid-layout wdt-simple-style wdt-fadeinright-hover wdt-default-overlay alignleft column wdt-one-third wdt-post-entry  \"><article id=\"post-4300\" class=\"post-4300 post type-post status-publish format-audio has-post-thumbnail hentry category-naturalistic tag-watercolor-painting post_format-post-format-audio blog-entry format-standard\">\r\n\r\n\r\n\t<!-- Featured Image -->\r\n\t<div class=\"entry-thumb\">\r\n\t\t\r\n<a href=\"https:\/\/meskinigallery.com\/index.php\/2024\/10\/23\/brush-mastery-unleashed-insights-from-the-artist-view\/\" title=\"Permalink to Dialectique de l&rsquo;abstrait et du concret\"><img fetchpriority=\"high\" decoding=\"async\" width=\"1338\" height=\"1343\" src=\"https:\/\/meskinigallery.com\/wp-content\/uploads\/2024\/08\/IMG_5717-HDR-2-1.jpg\" class=\"attachment-wdt-blog-iii-column size-wdt-blog-iii-column wp-post-image\" alt=\"\" srcset=\"https:\/\/meskinigallery.com\/wp-content\/uploads\/2024\/08\/IMG_5717-HDR-2-1.jpg 1338w, https:\/\/meskinigallery.com\/wp-content\/uploads\/2024\/08\/IMG_5717-HDR-2-1-300x300.jpg 300w, https:\/\/meskinigallery.com\/wp-content\/uploads\/2024\/08\/IMG_5717-HDR-2-1-1020x1024.jpg 1020w, https:\/\/meskinigallery.com\/wp-content\/uploads\/2024\/08\/IMG_5717-HDR-2-1-150x150.jpg 150w, https:\/\/meskinigallery.com\/wp-content\/uploads\/2024\/08\/IMG_5717-HDR-2-1-768x771.jpg 768w, https:\/\/meskinigallery.com\/wp-content\/uploads\/2024\/08\/IMG_5717-HDR-2-1-1000x1004.jpg 1000w, https:\/\/meskinigallery.com\/wp-content\/uploads\/2024\/08\/IMG_5717-HDR-2-1-100x100.jpg 100w, https:\/\/meskinigallery.com\/wp-content\/uploads\/2024\/08\/IMG_5717-HDR-2-1-50x50.jpg 50w\" sizes=\"(max-width: 1338px) 100vw, 1338px\" \/><\/a>\r\n        <\/div><!-- Featured Image -->\r\n<!-- Entry Date -->\r\n<div class=\"entry-date\">\r\n\t<i class=\"wdticon-calendar\"> <\/i>\r\n\t23 octobre 2024<\/div><!-- Entry Date -->\r\n<!-- Entry Title -->\r\n<div class=\"entry-title\">\r\n\t<h4>    \t<a href=\"https:\/\/meskinigallery.com\/index.php\/2024\/10\/23\/brush-mastery-unleashed-insights-from-the-artist-view\/\" title=\"Permalink to Dialectique de l&rsquo;abstrait et du concret\">Dialectique de l&rsquo;abstrait et du concret<\/a>\r\n\t<\/h4>\r\n<\/div><!-- Entry Title -->\r\n\t<div class=\"entry-body\"><p>\u00ab\u00a0En passant par l\u2019\u00e9cole impressionniste et expressionniste et en traversant plusieurs \u00e9pisodes de destruction et construction artistiques afin d\u2019acqu\u00e9rir une exp\u00e9rience critique des constituants de l\u2019\u0153uvre artistique, j\u2019ai commenc\u00e9 \u00e0 changer le parcours de mon \u0153uvre vers un nouveau...<\/p><\/div>\r\n\r\n<!-- Entry Button --><div class=\"entry-button wdt-core-button\"><a href=\"https:\/\/meskinigallery.com\/index.php\/2024\/10\/23\/brush-mastery-unleashed-insights-from-the-artist-view\/\" title=\"Dialectique de l&rsquo;abstrait et du concret\" class=\"wdt-button\">Read More<span><svg xmlns=\"http:\/\/www.w3.org\/2000\/svg\" xmlns:xlink=\"http:\/\/www.w3.org\/1999\/xlink\" x=\"0px\" y=\"0px\" viewBox=\"0 0 100 59\" style=\"enable-background:new 0 0 100 59;\" xml:space=\"preserve\"><polygon points=\"59.9,6.1 79.4,25.7 6,25.7 6,33.3 79.4,33.3 59.9,52.9 65.3,58.2 94,29.5 65.3,0.8 \"><\/polygon><\/svg><\/span><\/a><\/div><!-- Entry Button --><\/article><\/div><div class=\" entry-grid-layout wdt-simple-style wdt-fadeinright-hover wdt-default-overlay alignleft column wdt-one-third wdt-post-entry  \"><article id=\"post-1\" class=\"post-1 post type-post status-publish format-standard has-post-thumbnail hentry category-non-classe blog-entry\">\r\n\r\n\r\n\t<!-- Featured Image -->\r\n\t<div class=\"entry-thumb\">\r\n\t\t\r\n<a href=\"https:\/\/meskinigallery.com\/index.php\/2024\/08\/24\/bonjour-tout-le-monde\/\" title=\"Permalink to De l&rsquo;impressionnisme \u00e0 l&rsquo;expressionnisme\"><img decoding=\"async\" width=\"1040\" height=\"1226\" src=\"https:\/\/meskinigallery.com\/wp-content\/uploads\/2024\/08\/IMG_5786-HDR-2.webp\" class=\"attachment-wdt-blog-iii-column size-wdt-blog-iii-column wp-post-image\" alt=\"\" srcset=\"https:\/\/meskinigallery.com\/wp-content\/uploads\/2024\/08\/IMG_5786-HDR-2.webp 1040w, https:\/\/meskinigallery.com\/wp-content\/uploads\/2024\/08\/IMG_5786-HDR-2-254x300.webp 254w, https:\/\/meskinigallery.com\/wp-content\/uploads\/2024\/08\/IMG_5786-HDR-2-869x1024.webp 869w, https:\/\/meskinigallery.com\/wp-content\/uploads\/2024\/08\/IMG_5786-HDR-2-768x905.webp 768w, https:\/\/meskinigallery.com\/wp-content\/uploads\/2024\/08\/IMG_5786-HDR-2-1000x1179.webp 1000w\" sizes=\"(max-width: 1040px) 100vw, 1040px\" \/><\/a>\r\n        <\/div><!-- Featured Image -->\r\n<!-- Entry Date -->\r\n<div class=\"entry-date\">\r\n\t<i class=\"wdticon-calendar\"> <\/i>\r\n\t24 ao\u00fbt 2024<\/div><!-- Entry Date -->\r\n<!-- Entry Title -->\r\n<div class=\"entry-title\">\r\n\t<h4>    \t<a href=\"https:\/\/meskinigallery.com\/index.php\/2024\/08\/24\/bonjour-tout-le-monde\/\" title=\"Permalink to De l&rsquo;impressionnisme \u00e0 l&rsquo;expressionnisme\">De l&rsquo;impressionnisme \u00e0 l&rsquo;expressionnisme<\/a>\r\n\t<\/h4>\r\n<\/div><!-- Entry Title -->\r\n\t<div class=\"entry-body\"><p>L'art de la peinture consiste \u00e0 cr\u00e9er un langage visuel qui touche \u00e0 la fois l'artiste et le spectateur amateur. L'impressionnisme repr\u00e9sente une p\u00e9riode artistique caract\u00e9ris\u00e9e par une approche picturale et esth\u00e9tique bas\u00e9e sur la mesure, la lumi\u00e8re, le...<\/p><\/div>\r\n\r\n<!-- Entry Button --><div class=\"entry-button wdt-core-button\"><a href=\"https:\/\/meskinigallery.com\/index.php\/2024\/08\/24\/bonjour-tout-le-monde\/\" title=\"De l&rsquo;impressionnisme \u00e0 l&rsquo;expressionnisme\" class=\"wdt-button\">Read More<span><svg xmlns=\"http:\/\/www.w3.org\/2000\/svg\" xmlns:xlink=\"http:\/\/www.w3.org\/1999\/xlink\" x=\"0px\" y=\"0px\" viewBox=\"0 0 100 59\" style=\"enable-background:new 0 0 100 59;\" xml:space=\"preserve\"><polygon points=\"59.9,6.1 79.4,25.7 6,25.7 6,33.3 79.4,33.3 59.9,52.9 65.3,58.2 94,29.5 65.3,0.8 \"><\/polygon><\/svg><\/span><\/a><\/div><!-- Entry Button --><\/article><\/div><div class=\" entry-grid-layout wdt-simple-style wdt-fadeinright-hover wdt-default-overlay alignleft column wdt-one-third wdt-post-entry  \"><article id=\"post-4299\" class=\"post-4299 post type-post status-publish format-audio has-post-thumbnail hentry category-photographic tag-oil-painting post_format-post-format-audio blog-entry format-standard\">\r\n\r\n\r\n\t<!-- Featured Image -->\r\n\t<div class=\"entry-thumb\">\r\n\t\t\r\n<a href=\"https:\/\/meskinigallery.com\/index.php\/2024\/04\/05\/oil-and-canvas-painting-where-imagination-meets-reality\/\" title=\"Permalink to Longtemps m\u00e9connu\"><img decoding=\"async\" width=\"1064\" height=\"1285\" src=\"https:\/\/meskinigallery.com\/wp-content\/uploads\/2024\/08\/IMG_5858-HDR-2.jpg\" class=\"attachment-wdt-blog-iii-column size-wdt-blog-iii-column wp-post-image\" alt=\"\" srcset=\"https:\/\/meskinigallery.com\/wp-content\/uploads\/2024\/08\/IMG_5858-HDR-2.jpg 1064w, https:\/\/meskinigallery.com\/wp-content\/uploads\/2024\/08\/IMG_5858-HDR-2-248x300.jpg 248w, https:\/\/meskinigallery.com\/wp-content\/uploads\/2024\/08\/IMG_5858-HDR-2-848x1024.jpg 848w, https:\/\/meskinigallery.com\/wp-content\/uploads\/2024\/08\/IMG_5858-HDR-2-768x928.jpg 768w, https:\/\/meskinigallery.com\/wp-content\/uploads\/2024\/08\/IMG_5858-HDR-2-1000x1208.jpg 1000w\" sizes=\"(max-width: 1064px) 100vw, 1064px\" \/><\/a>\r\n        <\/div><!-- Featured Image -->\r\n<!-- Entry Date -->\r\n<div class=\"entry-date\">\r\n\t<i class=\"wdticon-calendar\"> <\/i>\r\n\t5 avril 2024<\/div><!-- Entry Date -->\r\n<!-- Entry Title -->\r\n<div class=\"entry-title\">\r\n\t<h4>    \t<a href=\"https:\/\/meskinigallery.com\/index.php\/2024\/04\/05\/oil-and-canvas-painting-where-imagination-meets-reality\/\" title=\"Permalink to Longtemps m\u00e9connu\">Longtemps m\u00e9connu<\/a>\r\n\t<\/h4>\r\n<\/div><!-- Entry Title -->\r\n\t<div class=\"entry-body\"><p>Longtemps m\u00e9connu Il travaille souvent en silence, utilisant divers mat\u00e9riaux et techniques, notamment le recyclage et la cr\u00e9ation de compositions en trois dimensions. Les th\u00e8mes li\u00e9s \u00e0 l'environnement sont d\u00e9j\u00e0 riches du point de vue de ses admirateurs. Ce...<\/p><\/div>\r\n\r\n<!-- Entry Button --><div class=\"entry-button wdt-core-button\"><a href=\"https:\/\/meskinigallery.com\/index.php\/2024\/04\/05\/oil-and-canvas-painting-where-imagination-meets-reality\/\" title=\"Longtemps m\u00e9connu\" class=\"wdt-button\">Read More<span><svg xmlns=\"http:\/\/www.w3.org\/2000\/svg\" xmlns:xlink=\"http:\/\/www.w3.org\/1999\/xlink\" x=\"0px\" y=\"0px\" viewBox=\"0 0 100 59\" style=\"enable-background:new 0 0 100 59;\" xml:space=\"preserve\"><polygon points=\"59.9,6.1 79.4,25.7 6,25.7 6,33.3 79.4,33.3 59.9,52.9 65.3,58.2 94,29.5 65.3,0.8 \"><\/polygon><\/svg><\/span><\/a><\/div><!-- Entry Button --><\/article><\/div><\/div><div class=\"pagination blog-pagination\"><\/div><\/div>\t\t\t\t<\/div>\n\t\t\t\t<\/div>\n\t\t\t\t\t<\/div>\n\t\t<\/div>\n\t\t\t\t\t<\/div>\n\t\t<\/section>\n\t\t\t\t<\/div>\n\t\t","protected":false},"excerpt":{"rendered":"<p>5,April 2024 Brush Mastery Unleashed: Insights From The Artist View Quam lacus suspendisse faucibus interdum posuere. Adipiscing at in tellus integer feugiat. Purus viverra accumsan in nisl. Non tellus orci [&hellip;]<\/p>\n","protected":false},"author":1,"featured_media":0,"parent":0,"menu_order":0,"comment_status":"closed","ping_status":"closed","template":"","meta":{"_monsterinsights_skip_tracking":false,"_monsterinsights_sitenote_active":false,"_monsterinsights_sitenote_note":"","_monsterinsights_sitenote_category":0,"footnotes":""},"class_list":["post-1103","page","type-page","status-publish","hentry","blog-entry","format-standard"],"aioseo_notices":[],"jetpack_sharing_enabled":true,"_links":{"self":[{"href":"https:\/\/meskinigallery.com\/index.php\/wp-json\/wp\/v2\/pages\/1103","targetHints":{"allow":["GET"]}}],"collection":[{"href":"https:\/\/meskinigallery.com\/index.php\/wp-json\/wp\/v2\/pages"}],"about":[{"href":"https:\/\/meskinigallery.com\/index.php\/wp-json\/wp\/v2\/types\/page"}],"author":[{"embeddable":true,"href":"https:\/\/meskinigallery.com\/index.php\/wp-json\/wp\/v2\/users\/1"}],"replies":[{"embeddable":true,"href":"https:\/\/meskinigallery.com\/index.php\/wp-json\/wp\/v2\/comments?post=1103"}],"version-history":[{"count":0,"href":"https:\/\/meskinigallery.com\/index.php\/wp-json\/wp\/v2\/pages\/1103\/revisions"}],"wp:attachment":[{"href":"https:\/\/meskinigallery.com\/index.php\/wp-json\/wp\/v2\/media?parent=1103"}],"curies":[{"name":"wp","href":"https:\/\/api.w.org\/{rel}","templated":true}]}}